{"id":13,"date":"2014-12-10T11:25:13","date_gmt":"2014-12-10T11:25:13","guid":{"rendered":"http:\/\/themes.muffingroup.com\/be\/insurance\/?page_id=13"},"modified":"2020-07-02T08:19:12","modified_gmt":"2020-07-02T08:19:12","slug":"contacto","status":"publish","type":"page","link":"http:\/\/www.gh-consultores.com\/ghc\/contacto\/","title":{"rendered":"Contacto"},"content":{"rendered":"<p>[vc_row 0=&#8221;&#8221; css_animation=&#8221;appear&#8221; el_id=&#8221;idcot&#8221;][vc_column css_animation=&#8221;appear&#8221; width=&#8221;1\/2&#8243;]<div class=\"aio-icon-component    style_1\"><div id=\"Info-box-wrap-2999\" class=\"aio-icon-box default-icon\" style=\"\"  ><div class=\"aio-icon-description ult-responsive\"  data-ultimate-target='#Info-box-wrap-2999 .aio-icon-description'  data-responsive-json-new='{\"font-size\":\"\",\"line-height\":\"\"}'  style=\"\"><\/p>\n<h3>Cotizaciones<\/h3>\n<p><\/div> <!-- description --><\/div> <!-- aio-icon-box --><\/div> <!-- aio-icon-component --><div role=\"form\" class=\"wpcf7\" id=\"wpcf7-f71-o1\" lang=\"en-US\" dir=\"ltr\">\n<div class=\"screen-reader-response\"><\/div>\n<form action=\"\/ghc\/wp-json\/wp\/v2\/pages\/13#wpcf7-f71-o1\" method=\"post\" class=\"wpcf7-form\" novalidate=\"novalidate\">\n<div style=\"display: none;\">\n<input type=\"hidden\" name=\"_wpcf7\" value=\"71\" \/>\n<input type=\"hidden\" name=\"_wpcf7_version\" value=\"5.1.7\" \/>\n<input type=\"hidden\" name=\"_wpcf7_locale\" value=\"en_US\" \/>\n<input type=\"hidden\" name=\"_wpcf7_unit_tag\" value=\"wpcf7-f71-o1\" \/>\n<input type=\"hidden\" name=\"_wpcf7_container_post\" value=\"0\" \/>\n<\/div>\n<div class=\"column one-second\"><span class=\"wpcf7-form-control-wrap nombre\"><input type=\"text\" name=\"nombre\" value=\"\" size=\"40\" class=\"wpcf7-form-control wpcf7-text wpcf7-validates-as-required\" aria-required=\"true\" aria-invalid=\"false\" placeholder=\"Nombre y apellidos\" \/><\/span> <\/div>\n<div class=\"column one-second\"><span class=\"wpcf7-form-control-wrap ciudad\"><input type=\"text\" name=\"ciudad\" value=\"\" size=\"40\" class=\"wpcf7-form-control wpcf7-text wpcf7-validates-as-required\" aria-required=\"true\" aria-invalid=\"false\" placeholder=\"Ciudad\" \/><\/span> <\/div>\n<div class=\"column one-second\"><span class=\"wpcf7-form-control-wrap estado\"><input type=\"text\" name=\"estado\" value=\"\" size=\"40\" class=\"wpcf7-form-control wpcf7-text wpcf7-validates-as-required\" aria-required=\"true\" aria-invalid=\"false\" placeholder=\"Estado\" \/><\/span> <\/div>\n<div class=\"column one-second\"><span class=\"wpcf7-form-control-wrap telefono\"><input type=\"text\" name=\"telefono\" value=\"\" size=\"40\" class=\"wpcf7-form-control wpcf7-text wpcf7-validates-as-required\" aria-required=\"true\" aria-invalid=\"false\" placeholder=\"Tel\u00e9fono\" \/><\/span> <\/div>\n<div class=\"column one-second\"><span class=\"wpcf7-form-control-wrap celular\"><input type=\"text\" name=\"celular\" value=\"\" size=\"40\" class=\"wpcf7-form-control wpcf7-text wpcf7-validates-as-required\" aria-required=\"true\" aria-invalid=\"false\" placeholder=\"Celular\" \/><\/span> <\/div>\n<div class=\"column one-second\"><span class=\"wpcf7-form-control-wrap email\"><input type=\"email\" name=\"email\" value=\"\" size=\"40\" class=\"wpcf7-form-control wpcf7-text wpcf7-email wpcf7-validates-as-required wpcf7-validates-as-email\" aria-required=\"true\" aria-invalid=\"false\" placeholder=\"E-mail\" \/><\/span> <\/div>\n<p><b>\n<div class=\"column one\">SELECCIONE LAS OPCIONES QUE LE INTERESEN<\/div>\n<p><\/b><\/p>\n<div class=\"column one\"><span class=\"wpcf7-form-control-wrap checkbox-162\"><span class=\"wpcf7-form-control wpcf7-checkbox\"><span class=\"wpcf7-list-item first\"><input type=\"checkbox\" name=\"checkbox-162[]\" value=\"SEGURO PARA EL HOGAR\" \/><span class=\"wpcf7-list-item-label\">SEGURO PARA EL HOGAR<\/span><\/span><span class=\"wpcf7-list-item\"><input type=\"checkbox\" name=\"checkbox-162[]\" value=\"SEGURO DE AUTO\" \/><span class=\"wpcf7-list-item-label\">SEGURO DE AUTO<\/span><\/span><span class=\"wpcf7-list-item last\"><input type=\"checkbox\" name=\"checkbox-162[]\" value=\"SEGURO DE VIDA Y GASTOS M\u00c9DICOS\" \/><span class=\"wpcf7-list-item-label\">SEGURO DE VIDA Y GASTOS M\u00c9DICOS<\/span><\/span><\/span><\/span><\/div>\n<div class=\"column one\"><span class=\"wpcf7-form-control-wrap proyecto\"><textarea name=\"proyecto\" cols=\"40\" rows=\"5\" class=\"wpcf7-form-control wpcf7-textarea\" aria-invalid=\"false\" placeholder=\"COMENTARIOS ADICIONALES\"><\/textarea><\/span><\/div>\n<p><b><span class=\"wpcf7-form-control-wrap checkbox-653\"><span class=\"wpcf7-form-control wpcf7-checkbox wpcf7-validates-as-required\"><span class=\"wpcf7-list-item first last\"><input type=\"checkbox\" name=\"checkbox-653[]\" value=\"HE LEIDO Y ACEPTO EL AVISO DE PRIVACIDAD.\" \/><span class=\"wpcf7-list-item-label\">HE LEIDO Y ACEPTO EL AVISO DE PRIVACIDAD.<\/span><\/span><\/span><\/span><\/b><\/p>\n<div class=\"column one\"><input type=\"submit\" value=\"ENVIAR\" class=\"wpcf7-form-control wpcf7-submit\" \/><\/div>\n<div class=\"wpcf7-response-output wpcf7-display-none\"><\/div><\/form><\/div>[\/vc_column][vc_column width=&#8221;1\/2&#8243;]<div class=\"aio-icon-component    style_1\"><div id=\"Info-box-wrap-9204\" class=\"aio-icon-box default-icon\" style=\"\"  ><div class=\"aio-icon-description ult-responsive\"  data-ultimate-target='#Info-box-wrap-9204 .aio-icon-description'  data-responsive-json-new='{\"font-size\":\"\",\"line-height\":\"\"}'  style=\"\"><\/p>\n<h3>Datos de contacto<\/h3>\n<p><\/div> <!-- description --><\/div> <!-- aio-icon-box --><\/div> <!-- aio-icon-component --><div class=\"aio-icon-component    style_1\"><div id=\"Info-box-wrap-6369\" class=\"aio-icon-box default-icon\" style=\"\"  ><div class=\"aio-icon-description ult-responsive\"  data-ultimate-target='#Info-box-wrap-6369 .aio-icon-description'  data-responsive-json-new='{\"font-size\":\"\",\"line-height\":\"\"}'  style=\"\"><\/p>\n<h5>Av. Circunvalaci\u00f3n Agust\u00edn Y\u00e1\u00f1ez 2434, Arcos Sur, 44200,<br \/>\nGuadalajara, Jal. \u2022 M\u00e9xico.<\/h5>\n<p><\/div> <!-- description --><\/div> <!-- aio-icon-box --><\/div> <!-- aio-icon-component -->[vc_row_inner 0=&#8221;&#8221;][vc_column_inner width=&#8221;1\/2&#8243;]<div class=\"aio-icon-component    style_1\"><div id=\"Info-box-wrap-9946\" class=\"aio-icon-box default-icon\" style=\"\"  ><div class=\"aio-icon-description ult-responsive\"  data-ultimate-target='#Info-box-wrap-9946 .aio-icon-description'  data-responsive-json-new='{\"font-size\":\"\",\"line-height\":\"\"}'  style=\"\"><\/p>\n<h4>Tel\u00e9fonos<\/h4>\n<hr \/>\n<h4><i class=\"icon-phone\"><\/i><a href=\"tel:3336302990\">(33) 36302990<\/a><\/h4>\n<h4><i class=\"icon-phone\"><\/i><a href=\"tel:3336302992\">(33) 36302992<\/a><\/h4>\n<h4><i class=\"icon-phone\"><\/i><a href=\"tel:3336166494\">(33) 36166494<\/a><\/h4>\n<p><\/div> <!-- description --><\/div> <!-- aio-icon-box --><\/div> <!-- aio-icon-component -->[\/vc_column_inner][vc_column_inner width=&#8221;1\/2&#8243;]<div class=\"aio-icon-component    style_1\"><div id=\"Info-box-wrap-8586\" class=\"aio-icon-box default-icon\" style=\"\"  ><div class=\"aio-icon-description ult-responsive\"  data-ultimate-target='#Info-box-wrap-8586 .aio-icon-description'  data-responsive-json-new='{\"font-size\":\"\",\"line-height\":\"\"}'  style=\"\"><\/p>\n<h4>Horario<\/h4>\n<table style=\"height: 66px; width: 89.0596%; border: hidden;\" border=\"0\">\n<tbody>\n<tr style=\"height: 66px;\">\n<td style=\"width: 38.9439%; height: 66px;\">\n<h4 style=\"text-align: left;\">Lunes<br \/>\nMartes<br \/>\nMi\u00e9rcoles<br \/>\nJueves<br \/>\nViernes<\/h4>\n<\/td>\n<td style=\"width: 60.0368%; height: 66px;\">\n<h4 style=\"text-align: left;\">09:00 &#8211; 17:00<br \/>\n09:00 &#8211; 17:00<br \/>\n09:00 &#8211; 17:00<br \/>\n09:00 &#8211; 17:00<br \/>\n09:00 &#8211; 16:00<\/h4>\n<\/td>\n<\/tr>\n<\/tbody>\n<\/table>\n<h4><\/h4>\n<p><\/div> <!-- description --><\/div> <!-- aio-icon-box --><\/div> <!-- aio-icon-component -->[\/vc_column_inner][\/vc_row_inner][\/vc_column][\/vc_row][vc_row full_width=&#8221;stretch_row_content_no_spaces&#8221; content_placement=&#8221;bottom&#8221; css_animation=&#8221;appear&#8221;][vc_column 0=&#8221;&#8221;][vc_gmaps link=&#8221;#E-8_JTNDaWZyYW1lJTIwc3JjJTNEJTIyaHR0cHMlM0ElMkYlMkZ3d3cuZ29vZ2xlLmNvbSUyRm1hcHMlMkZlbWJlZCUzRnBiJTNEJTIxMW0xOCUyMTFtMTIlMjExbTMlMjExZDM3MzMuMDQyODg5ODYyMDEyJTIxMmQtMTAzLjM4MDI2NTM0OTE2NjI4JTIxM2QyMC42Njc4MzQwMDUzMDg3OCUyMTJtMyUyMTFmMCUyMTJmMCUyMTNmMCUyMTNtMiUyMTFpMTAyNCUyMTJpNzY4JTIxNGYxMy4xJTIxM20zJTIxMW0yJTIxMXMweDg0MjhhZTBiOTdhMzg2OWIlMjUzQTB4ZGZmMjBjYWY0ODFmZWI1MSUyMTJzQXYuJTI1MjBDaXJjdW52YWxhY2klMjVDMyUyNUIzbiUyNTIwQWd1c3QlMjVDMyUyNUFEbiUyNTIwWSUyNUMzJTI1QTElMjVDMyUyNUIxZXolMjUyMDI0MzQlMjUyQyUyNTIwQXJjb3MlMjUyQyUyNTIwNDQxMzAlMjUyMEd1YWRhbGFqYXJhJTI1MkMlMjUyMEphbC4lMjE1ZTAlMjEzbTIlMjExc2VzJTIxMnNteCUyMTR2MTU5MzA3MzY5NDcxMSUyMTVtMiUyMTFzZXMlMjEyc214JTIyJTIwd2lkdGglM0QlMjI2MDAlMjIlMjBoZWlnaHQlM0QlMjI0NTAlMjIlMjBmcmFtZWJvcmRlciUzRCUyMjAlMjIlMjBzdHlsZSUzRCUyMmJvcmRlciUzQTAlM0IlMjIlMjBhbGxvd2Z1bGxzY3JlZW4lM0QlMjIlMjIlMjBhcmlhLWhpZGRlbiUzRCUyMmZhbHNlJTIyJTIwdGFiaW5kZXglM0QlMjIwJTIyJTNFJTNDJTJGaWZyYW1lJTNF&#8221; size=&#8221;450&#8243; css_animation=&#8221;none&#8221;][\/vc_column][\/vc_row]<\/p>\n","protected":false},"excerpt":{"rendered":"<p>[vc_row 0=&#8221;&#8221; css_animation=&#8221;appear&#8221; el_id=&#8221;idcot&#8221;][vc_column css_animation=&#8221;appear&#8221; width=&#8221;1\/2&#8243;][\/vc_column][vc_column width=&#8221;1\/2&#8243;][vc_row_inner 0=&#8221;&#8221;][vc_column_inner width=&#8221;1\/2&#8243;][\/vc_column_inner][vc_column_inner width=&#8221;1\/2&#8243;][\/vc_column_inner][\/vc_row_inner][\/vc_column][\/vc_row][vc_row full_width=&#8221;stretch_row_content_no_spaces&#8221; content_placement=&#8221;bottom&#8221; css_animation=&#8221;appear&#8221;][vc_column 0=&#8221;&#8221;][vc_gmaps link=&#8221;#E-8_JTNDaWZyYW1lJTIwc3JjJTNEJTIyaHR0cHMlM0ElMkYlMkZ3d3cuZ29vZ2xlLmNvbSUyRm1hcHMlMkZlbWJlZCUzRnBiJTNEJTIxMW0xOCUyMTFtMTIlMjExbTMlMjExZDM3MzMuMDQyODg5ODYyMDEyJTIxMmQtMTAzLjM4MDI2NTM0OTE2NjI4JTIxM2QyMC42Njc4MzQwMDUzMDg3OCUyMTJtMyUyMTFmMCUyMTJmMCUyMTNmMCUyMTNtMiUyMTFpMTAyNCUyMTJpNzY4JTIxNGYxMy4xJTIxM20zJTIxMW0yJTIxMXMweDg0MjhhZTBiOTdhMzg2OWIlMjUzQTB4ZGZmMjBjYWY0ODFmZWI1MSUyMTJzQXYuJTI1MjBDaXJjdW52YWxhY2klMjVDMyUyNUIzbiUyNTIwQWd1c3QlMjVDMyUyNUFEbiUyNTIwWSUyNUMzJTI1QTElMjVDMyUyNUIxZXolMjUyMDI0MzQlMjUyQyUyNTIwQXJjb3MlMjUyQyUyNTIwNDQxMzAlMjUyMEd1YWRhbGFqYXJhJTI1MkMlMjUyMEphbC4lMjE1ZTAlMjEzbTIlMjExc2VzJTIxMnNteCUyMTR2MTU5MzA3MzY5NDcxMSUyMTVtMiUyMTFzZXMlMjEyc214JTIyJTIwd2lkdGglM0QlMjI2MDAlMjIlMjBoZWlnaHQlM0QlMjI0NTAlMjIlMjBmcmFtZWJvcmRlciUzRCUyMjAlMjIlMjBzdHlsZSUzRCUyMmJvcmRlciUzQTAlM0IlMjIlMjBhbGxvd2Z1bGxzY3JlZW4lM0QlMjIlMjIlMjBhcmlhLWhpZGRlbiUzRCUyMmZhbHNlJTIyJTIwdGFiaW5kZXglM0QlMjIwJTIyJTNFJTNDJTJGaWZyYW1lJTNF&#8221; size=&#8221;450&#8243; css_animation=&#8221;none&#8221;][\/vc_column][\/vc_row]<\/p>\n","protected":false},"author":1,"featured_media":0,"parent":0,"menu_order":0,"comment_status":"open","ping_status":"open","template":"","meta":[],"_links":{"self":[{"href":"http:\/\/www.gh-consultores.com\/ghc\/wp-json\/wp\/v2\/pages\/13"}],"collection":[{"href":"http:\/\/www.gh-consultores.com\/ghc\/wp-json\/wp\/v2\/pages"}],"about":[{"href":"http:\/\/www.gh-consultores.com\/ghc\/wp-json\/wp\/v2\/types\/page"}],"author":[{"embeddable":true,"href":"http:\/\/www.gh-consultores.com\/ghc\/wp-json\/wp\/v2\/users\/1"}],"replies":[{"embeddable":true,"href":"http:\/\/www.gh-consultores.com\/ghc\/wp-json\/wp\/v2\/comments?post=13"}],"version-history":[{"count":18,"href":"http:\/\/www.gh-consultores.com\/ghc\/wp-json\/wp\/v2\/pages\/13\/revisions"}],"predecessor-version":[{"id":322,"href":"http:\/\/www.gh-consultores.com\/ghc\/wp-json\/wp\/v2\/pages\/13\/revisions\/322"}],"wp:attachment":[{"href":"http:\/\/www.gh-consultores.com\/ghc\/wp-json\/wp\/v2\/media?parent=13"}],"curies":[{"name":"wp","href":"https:\/\/api.w.org\/{rel}","templated":true}]}}