{"id":323,"date":"2020-07-02T08:34:01","date_gmt":"2020-07-02T08:34:01","guid":{"rendered":"http:\/\/www.gh-consultores.com\/ghc\/?page_id=323"},"modified":"2020-07-02T08:35:22","modified_gmt":"2020-07-02T08:35:22","slug":"aviso-de-privacidad","status":"publish","type":"page","link":"http:\/\/www.gh-consultores.com\/ghc\/aviso-de-privacidad\/","title":{"rendered":"Aviso de Privacidad"},"content":{"rendered":"<h5 class=\"p1\"><span class=\"s1\"><strong>GOMHEZ CONSULTORES<\/strong>\u00a0es una empresa legalmente constituida de conformidad con las leyes mexicanas. Reconoce el derecho de todos de proteger sus datos personales y hace de su conocimiento que la informaci\u00f3n de nuestros asociados es tratada de forma estrictamente confidencial por lo que al proporcionar sus datos personales, \u00e9stos ser\u00e1n utilizados \u00fanica y exclusivamente para los siguientes fines:<\/span><\/h5>\n<ul class=\"ul1\">\n<li class=\"li2\">\n<h5><span class=\"s3\">a) Ofrecer informaci\u00f3n de nuestros servicios<\/span><\/h5>\n<\/li>\n<li class=\"li2\">\n<h5><span class=\"s3\">b) Realizar an\u00e1lisis estad\u00edsticos de satisfacci\u00f3n al cliente y de mercadeo<\/span><\/h5>\n<\/li>\n<li class=\"li2\">\n<h5><span class=\"s3\">c) Mantener Actualizadas nuestras base de datos<\/span><\/h5>\n<\/li>\n<li class=\"li2\">\n<h5><span class=\"s3\">d) Para ventas en general<\/span><\/h5>\n<\/li>\n<\/ul>\n<h5 class=\"p1\"><span class=\"s1\">Para prevenir el acceso no autorizado a sus datos personales y con el fin de asegurar que la informaci\u00f3n sea utilizada para los fines establecidos en este aviso de privacidad, hemos establecido diversos procedimientos con la finalidad de evitar el uso o divulgaci\u00f3n de sus datos, permiti\u00e9ndonos tratarlos debidamente.<\/span><\/h5>\n<h5 class=\"p1\"><span class=\"s1\">La informaci\u00f3n recopilada no ser\u00e1 vendida, ni compartida a terceros con fines distintos a la actividad comercial de\u00a0<strong>GOMHEZ CONSULTORES<\/strong>.<\/span><\/h5>\n<h5 class=\"p1\"><span class=\"s1\">Todos sus datos personales son tratados de acuerdo a la legislaci\u00f3n aplicable y vigente en el pa\u00eds, por ello le informamos que usted tiene en todo momento los derechos de acceder, rectificar, cancelar u oponerse al tratamiento que le damos a sus datos personales; (Nombre. Domicilio, tel\u00e9fono y correo electr\u00f3nico) Datos sensibles: (Datos financieros y patrimoniales) derecho que podr\u00e1 ejercer a trav\u00e9s del\u00a0\u00e1rea IFAI encargado de seguridad de datos personales.<\/span><\/h5>\n<h5 class=\"p1\"><span class=\"s1\">Este aviso de privacidad podr\u00e1 ser modificado por\u00a0<strong>GOMHEZ CONSULTORES<\/strong>. Dichas modificaciones ser\u00e1n oportunamente informadas a trav\u00e9s de nuestra p\u00e1gina web.<\/span><\/h5>\n","protected":false},"excerpt":{"rendered":"<p>GOMHEZ CONSULTORES\u00a0es una empresa legalmente constituida de conformidad con las leyes mexicanas. Reconoce el derecho de todos de proteger sus datos personales y hace de su<span class=\"excerpt-hellip\"> [\u2026]<\/span><\/p>\n","protected":false},"author":1,"featured_media":0,"parent":0,"menu_order":0,"comment_status":"closed","ping_status":"closed","template":"","meta":[],"_links":{"self":[{"href":"http:\/\/www.gh-consultores.com\/ghc\/wp-json\/wp\/v2\/pages\/323"}],"collection":[{"href":"http:\/\/www.gh-consultores.com\/ghc\/wp-json\/wp\/v2\/pages"}],"about":[{"href":"http:\/\/www.gh-consultores.com\/ghc\/wp-json\/wp\/v2\/types\/page"}],"author":[{"embeddable":true,"href":"http:\/\/www.gh-consultores.com\/ghc\/wp-json\/wp\/v2\/users\/1"}],"replies":[{"embeddable":true,"href":"http:\/\/www.gh-consultores.com\/ghc\/wp-json\/wp\/v2\/comments?post=323"}],"version-history":[{"count":2,"href":"http:\/\/www.gh-consultores.com\/ghc\/wp-json\/wp\/v2\/pages\/323\/revisions"}],"predecessor-version":[{"id":325,"href":"http:\/\/www.gh-consultores.com\/ghc\/wp-json\/wp\/v2\/pages\/323\/revisions\/325"}],"wp:attachment":[{"href":"http:\/\/www.gh-consultores.com\/ghc\/wp-json\/wp\/v2\/media?parent=323"}],"curies":[{"name":"wp","href":"https:\/\/api.w.org\/{rel}","templated":true}]}}