{"id":56,"date":"2014-12-08T09:35:21","date_gmt":"2014-12-08T09:35:21","guid":{"rendered":"http:\/\/themes.muffingroup.com\/be\/insurance\/?page_id=2"},"modified":"2020-07-08T18:36:51","modified_gmt":"2020-07-08T18:36:51","slug":"home","status":"publish","type":"page","link":"http:\/\/www.gh-consultores.com\/ghc\/","title":{"rendered":"Inicio"},"content":{"rendered":"<p>[vc_row full_width=&#8221;stretch_row_content_no_spaces&#8221; content_placement=&#8221;top&#8221; bg_type=&#8221;image&#8221; parallax_style=&#8221;vcpb-default&#8221; bg_image_new=&#8221;id^133|url^http:\/\/www.gh-consultores.com\/ghc\/wp-content\/uploads\/2020\/06\/seguros-hogar-vida-gastos-medicos-2.jpg|caption^null|alt^null|title^seguros-hogar-vida-gastos-medicos-2|description^null&#8221; bg_image_repeat=&#8221;no-repeat&#8221; bg_override=&#8221;7&#8243; css=&#8221;.vc_custom_1593114090913{padding-top: 200px !important;padding-bottom: 220px !important;}&#8221;][vc_column 0=&#8221;&#8221;][vc_row_inner][vc_column_inner]<div class=\"aio-icon-component  vc_custom_1594233404862   style_1\"><div id=\"Info-box-wrap-1569\" class=\"aio-icon-box default-icon\" style=\"\"  ><div class=\"aio-icon-description ult-responsive\"  data-ultimate-target='#Info-box-wrap-1569 .aio-icon-description'  data-responsive-json-new='{\"font-size\":\"\",\"line-height\":\"\"}'  style=\"\"><\/p>\n<h2 style=\"text-align: center;\"><span style=\"color: #ffffff;\">El mejor seguro<\/span><\/h2>\n<h2 style=\"text-align: center;\"><span style=\"color: #f0ad42;\">A TU MEDIDA<\/span><\/h2>\n<p><\/div> <!-- description --><\/div> <!-- aio-icon-box --><\/div> <!-- aio-icon-component -->[\/vc_column_inner][\/vc_row_inner][\/vc_column][\/vc_row][vc_row full_width=&#8221;stretch_row_content&#8221; css_animation=&#8221;zoomIn&#8221;][vc_column]<div class=\"aio-icon-component    style_1\"><div id=\"Info-box-wrap-5557\" class=\"aio-icon-box top-icon\" style=\"\"  ><div class=\"aio-icon-description ult-responsive\"  data-ultimate-target='#Info-box-wrap-5557 .aio-icon-description'  data-responsive-json-new='{\"font-size\":\"desktop:35px;\",\"line-height\":\"desktop:20px;\"}'  style=\"\"><\/p>\n<h3 style=\"text-align: center;\"><span style=\"color: #001e63;\"><strong><span class=\"color_24\">ASESORES PROFESIONALES EN SEGUROS<\/span><\/strong><\/span><\/h3>\n<p><\/div> <!-- description --><\/div> <!-- aio-icon-box --><\/div> <!-- aio-icon-component -->[vc_separator color=&#8221;custom&#8221; accent_color=&#8221;#c4c4c4&#8243;][vc_empty_space][\/vc_column][\/vc_row][vc_row][vc_column css_animation=&#8221;fadeInLeft&#8221; width=&#8221;1\/3&#8243;]<div class=\"aio-icon-component    style_2\"><a class=\"aio-icon-box-link\" href=\"http:\/\/www.gh-consultores.com\/ghc\/seguros#seghog\"   ><div id=\"Info-box-wrap-2058\" class=\"aio-icon-box top-icon\" style=\"\"  ><div class=\"aio-icon-top\"><div class=\"ult-just-icon-wrapper  \"><div class=\"align-icon\" style=\"text-align:center;\">\n<div class=\"aio-icon-img \" style=\"font-size:75px;display:inline-block;\" >\n\t<img class=\"img-icon\" alt=\"null\" src=\"http:\/\/www.gh-consultores.com\/ghc\/wp-content\/uploads\/2020\/06\/seguro-de-hogar.jpg\"\/>\n<\/div><\/div><\/div><\/div><div class=\"aio-icon-header\" ><h3 class=\"aio-icon-title ult-responsive\"  data-ultimate-target='#Info-box-wrap-2058 .aio-icon-title'  data-responsive-json-new='{\"font-size\":\"desktop:20px;\",\"line-height\":\"\"}'  style=\"\">SEGURO PARA EL HOGAR<\/h3><\/div> <!-- header --><div class=\"aio-icon-description ult-responsive\"  data-ultimate-target='#Info-box-wrap-2058 .aio-icon-description'  data-responsive-json-new='{\"font-size\":\"\",\"line-height\":\"\"}'  style=\"\"><\/p>\n<h5 style=\"text-align: center;\">No importa si rentas o eres due\u00f1o,<br \/>\ntu casa estar\u00e1 protegida por menos de<br \/>\nlo que pagas por tu seguro de auto.<\/h5>\n<p><\/div> <!-- description --><\/div> <!-- aio-icon-box --><\/a><\/div> <!-- aio-icon-component -->[\/vc_column][vc_column css_animation=&#8221;slideInDown&#8221; width=&#8221;1\/3&#8243;]<div class=\"aio-icon-component    style_2\"><a class=\"aio-icon-box-link\" href=\"http:\/\/www.gh-consultores.com\/ghc\/seguros#segaut\"   ><div id=\"Info-box-wrap-3454\" class=\"aio-icon-box top-icon\" style=\"\"  ><div class=\"aio-icon-top\"><div class=\"ult-just-icon-wrapper  \"><div class=\"align-icon\" style=\"text-align:center;\">\n<div class=\"aio-icon-img \" style=\"font-size:90px;display:inline-block;\" >\n\t<img class=\"img-icon\" alt=\"null\" src=\"http:\/\/www.gh-consultores.com\/ghc\/wp-content\/uploads\/2014\/12\/home_insurance_slider2-1.jpg\"\/>\n<\/div><\/div><\/div><\/div><div class=\"aio-icon-header\" ><h3 class=\"aio-icon-title ult-responsive\"  data-ultimate-target='#Info-box-wrap-3454 .aio-icon-title'  data-responsive-json-new='{\"font-size\":\"desktop:20px;\",\"line-height\":\"\"}'  style=\"\">SEGURO DE AUTO<\/h3><\/div> <!-- header --><div class=\"aio-icon-description ult-responsive\"  data-ultimate-target='#Info-box-wrap-3454 .aio-icon-description'  data-responsive-json-new='{\"font-size\":\"\",\"line-height\":\"\"}'  style=\"\"><\/p>\n<h5 style=\"text-align: center;\">Te ofrecemos la mejor opci\u00f3n para el seguro de tu veh\u00edculo. Recuerda que actualmente es obligatorio contar con este seguro.<\/h5>\n<p><\/div> <!-- description --><\/div> <!-- aio-icon-box --><\/a><\/div> <!-- aio-icon-component -->[\/vc_column][vc_column css_animation=&#8221;fadeInRight&#8221; width=&#8221;1\/3&#8243;]<div class=\"aio-icon-component    style_2\"><a class=\"aio-icon-box-link\" href=\"http:\/\/www.gh-consultores.com\/ghc\/seguros#segvid\"   ><div id=\"Info-box-wrap-6630\" class=\"aio-icon-box top-icon\" style=\"\"  ><div class=\"aio-icon-top\"><div class=\"ult-just-icon-wrapper  \"><div class=\"align-icon\" style=\"text-align:center;\">\n<div class=\"aio-icon-img \" style=\"font-size:80px;display:inline-block;\" >\n\t<img class=\"img-icon\" alt=\"null\" src=\"http:\/\/www.gh-consultores.com\/ghc\/wp-content\/uploads\/2020\/06\/seguro-medico-1.jpg\"\/>\n<\/div><\/div><\/div><\/div><div class=\"aio-icon-header\" ><h3 class=\"aio-icon-title ult-responsive\"  data-ultimate-target='#Info-box-wrap-6630 .aio-icon-title'  data-responsive-json-new='{\"font-size\":\"desktop:20px;\",\"line-height\":\"\"}'  style=\"\">SEGURO DE VIDA Y GASTOS M\u00c9DICOS<\/h3><\/div> <!-- header --><div class=\"aio-icon-description ult-responsive\"  data-ultimate-target='#Info-box-wrap-6630 .aio-icon-description'  data-responsive-json-new='{\"font-size\":\"\",\"line-height\":\"\"}'  style=\"\"><\/p>\n<h5 style=\"text-align: center;\">No dejes a tu familia desprotegida , recuerda que tu vida y salud no tienen precio.<\/h5>\n<p><\/div> <!-- description --><\/div> <!-- aio-icon-box --><\/a><\/div> <!-- aio-icon-component -->[\/vc_column][\/vc_row][vc_row full_width=&#8221;stretch_row_content&#8221;][vc_column 0=&#8221;&#8221;][vc_column_text 0=&#8221;&#8221;]<\/p>\n<p style=\"text-align: center;\"><div id='rnpb-69e4b59e05943'><\/div>\n<p>[\/vc_column_text][\/vc_column][\/vc_row][vc_row full_width=&#8221;stretch_row_content&#8221; content_placement=&#8221;middle&#8221; css_animation=&#8221;fadeIn&#8221;][vc_column width=&#8221;1\/6&#8243;][\/vc_column][vc_column width=&#8221;2\/3&#8243;][vc_column_text 0=&#8221;&#8221;]<\/p>\n<p style=\"text-align: center;\">\t\t<div class=\"wpsm_testi_b_row\" id=\"wpsm_testi_b_row_312\">\r\n\t\t\t<div class=\"wpsm_row\">  \r\n<style>\r\n\r\n#wpsm_testi_b_row_312 .wpsm_testi_title{\r\n\tfont-size:20px !important;\r\n\tcolor:#000000 !important;\r\n\tfont-family:'Verdana';\r\n\tmargin-top: 12px !important;\r\n    margin-bottom: 8px !important;\r\n\tpadding:0px !important;\r\n}\r\n#wpsm_testi_b_row_312 .wpsm_testi_title > small{\r\n\tfont-size:16px !important;\r\n\tcolor:#424242 !important;\r\n\tfont-family:'Verdana';\r\n}\r\n#wpsm_testi_b_row_312 .wpsm_testi_links{\r\n\tfont-size:15px !important;\r\n\tcolor:#1e73be !important;\r\n\tfont-family:'Verdana';\r\n}\r\n#wpsm_testi_b_row_312 .wpsm_testi_description{\r\n\tfont-size:16px !important;\r\n\tcolor:#595959 !important;\r\n\tfont-family:'Verdana';\r\n\tfont-weight: 400;\r\n}\r\n#wpsm_testi_b_row_312 .wpsm_testi_pic > img{\r\n\t\t\tborder-radius: 0% !important;\r\n\t}\r\n<\/style>\r\n \t\r\n\t\t\t<div class=\"wpsm_col-md-6 wpsm_testimonial_2\">\r\n\t\t\t\t\r\n\t\t\t\t\t<div class=\"wpsm_testi_review\">\r\n\t\t\t\t\t\t<div class=\"wpsm_testi_pic\">\r\n\t\t\t\t\t\t\t<img src=\"http:\/\/www.gh-consultores.com\/ghc\/wp-content\/uploads\/2020\/07\/im.jpg\" alt=\"Sergio Venegas\">\r\n\t\t\t\t\t\t<\/div>\r\n\t\t\t\t\t\t<h4 class=\"wpsm_testi_title\">\r\n\t\t\t\t\t\t\tSergio Venegas\t\t\t\t\t\t\t\t\t\t\t\t\t<\/h4>\r\n\t\t\t\t\t\t\t\t\t\t\t<\/div>\r\n\t\t\t\t\t\t\t\t\t\t\t<p class=\"wpsm_testi_description\">\r\n\t\t\t\t\t\t\t\"Actualmente tengo 5 a\u00f1os contratando mis seguros con la empresa GOMHEZ CONSULTORES y he recibido la mejor atenci\u00f3n y asesor\u00eda , me ayudaron en elegir las mejores opciones para m\u00ed y mi familia\".\t\t\t\t\t\t<\/p>\r\n\t\t\t\t\t\t\t\t<\/div>\r\n\t\t\t\t\r\n\t\t\t<div class=\"wpsm_col-md-6 wpsm_testimonial_2\">\r\n\t\t\t\t\r\n\t\t\t\t\t<div class=\"wpsm_testi_review\">\r\n\t\t\t\t\t\t<div class=\"wpsm_testi_pic\">\r\n\t\t\t\t\t\t\t<img src=\"http:\/\/www.gh-consultores.com\/ghc\/wp-content\/uploads\/2020\/07\/im.jpg\" alt=\"Marisela Vargas\">\r\n\t\t\t\t\t\t<\/div>\r\n\t\t\t\t\t\t<h4 class=\"wpsm_testi_title\">\r\n\t\t\t\t\t\t\tMarisela Vargas\t\t\t\t\t\t\t\t\t\t\t\t\t<\/h4>\r\n\t\t\t\t\t\t\t\t\t\t\t<\/div>\r\n\t\t\t\t\t\t\t\t\t\t\t<p class=\"wpsm_testi_description\">\r\n\t\t\t\t\t\t\t\"Necesitaba un seguro de gastos m\u00e9dicos , no sab\u00eda cu\u00e1l era la mejor opci\u00f3n para m\u00ed , ni como funcionaban , me acerqu\u00e9 a GOMHEZ CONSULTORES y recib\u00ed la asesor\u00eda que necesitaba, actualmente cuento con mi seguro y estoy muy contenta\".\t\t\t\t\t\t<\/p>\r\n\t\t\t\t\t\t\t\t<\/div>\r\n\t\t\t\t\t\t\t<\/div>\r\n\t\t\t\t<div class=\"wpsm_row\">\r\n\t\t\t\t <\/div>\t   \r\n   \t\t<\/div>\n<p>[\/vc_column_text][\/vc_column][vc_column width=&#8221;1\/6&#8243;][\/vc_column][\/vc_row]<\/p>\n","protected":false},"excerpt":{"rendered":"<p>[vc_row full_width=&#8221;stretch_row_content_no_spaces&#8221; content_placement=&#8221;top&#8221; bg_type=&#8221;image&#8221; parallax_style=&#8221;vcpb-default&#8221; bg_image_new=&#8221;id^133|url^http:\/\/www.gh-consultores.com\/ghc\/wp-content\/uploads\/2020\/06\/seguros-hogar-vida-gastos-medicos-2.jpg|caption^null|alt^null|title^seguros-hogar-vida-gastos-medicos-2|description^null&#8221; bg_image_repeat=&#8221;no-repeat&#8221; bg_override=&#8221;7&#8243; css=&#8221;.vc_custom_1593114090913{padding-top: 200px !important;padding-bottom: 220px !important;}&#8221;][vc_column 0=&#8221;&#8221;][vc_row_inner][vc_column_inner][\/vc_column_inner][\/vc_row_inner][\/vc_column][\/vc_row][vc_row full_width=&#8221;stretch_row_content&#8221; css_animation=&#8221;zoomIn&#8221;][vc_column][vc_separator color=&#8221;custom&#8221; accent_color=&#8221;#c4c4c4&#8243;][vc_empty_space][\/vc_column][\/vc_row][vc_row][vc_column css_animation=&#8221;fadeInLeft&#8221; width=&#8221;1\/3&#8243;][\/vc_column][vc_column css_animation=&#8221;slideInDown&#8221; width=&#8221;1\/3&#8243;][\/vc_column][vc_column css_animation=&#8221;fadeInRight&#8221; width=&#8221;1\/3&#8243;][\/vc_column][\/vc_row][vc_row full_width=&#8221;stretch_row_content&#8221;][vc_column 0=&#8221;&#8221;][vc_column_text<span class=\"excerpt-hellip\"> [\u2026]<\/span><\/p>\n","protected":false},"author":1,"featured_media":0,"parent":0,"menu_order":0,"comment_status":"open","ping_status":"open","template":"","meta":[],"_links":{"self":[{"href":"http:\/\/www.gh-consultores.com\/ghc\/wp-json\/wp\/v2\/pages\/56"}],"collection":[{"href":"http:\/\/www.gh-consultores.com\/ghc\/wp-json\/wp\/v2\/pages"}],"about":[{"href":"http:\/\/www.gh-consultores.com\/ghc\/wp-json\/wp\/v2\/types\/page"}],"author":[{"embeddable":true,"href":"http:\/\/www.gh-consultores.com\/ghc\/wp-json\/wp\/v2\/users\/1"}],"replies":[{"embeddable":true,"href":"http:\/\/www.gh-consultores.com\/ghc\/wp-json\/wp\/v2\/comments?post=56"}],"version-history":[{"count":158,"href":"http:\/\/www.gh-consultores.com\/ghc\/wp-json\/wp\/v2\/pages\/56\/revisions"}],"predecessor-version":[{"id":349,"href":"http:\/\/www.gh-consultores.com\/ghc\/wp-json\/wp\/v2\/pages\/56\/revisions\/349"}],"wp:attachment":[{"href":"http:\/\/www.gh-consultores.com\/ghc\/wp-json\/wp\/v2\/media?parent=56"}],"curies":[{"name":"wp","href":"https:\/\/api.w.org\/{rel}","templated":true}]}}