{"id":7,"date":"2014-12-10T11:24:38","date_gmt":"2014-12-10T11:24:38","guid":{"rendered":"http:\/\/themes.muffingroup.com\/be\/insurance\/?page_id=7"},"modified":"2020-07-04T04:16:15","modified_gmt":"2020-07-04T04:16:15","slug":"quienes-somos","status":"publish","type":"page","link":"http:\/\/www.gh-consultores.com\/ghc\/quienes-somos\/","title":{"rendered":"Qui\u00e9nes Somos"},"content":{"rendered":"<p>[vc_row css_animation=&#8221;fadeIn&#8221;][vc_column][vc_column_text 0=&#8221;&#8221;]<\/p>\n<h3 style=\"text-align: center;\"><span style=\"color: #275667;\">DIRECCI\u00d3N GENERAL<\/span><\/h3>\n<p>[\/vc_column_text][vc_row_inner][vc_column_inner]<div class=\" ubtn-ctn-center aligncenter\"><button type=\"button\" id=\"ubtn-2142\" class=\"ubtn ult-adjust-bottom-margin ult-responsive ubtn-large ubtn-no-hover-bg  none  ubtn-center aligncenter  tooltip-69e4c81d7c9ea\"  data-hover=\"\" data-border-color=\"\" data-bg=\"#275667\" data-hover-bg=\"\" data-border-hover=\"\" data-shadow-hover=\"\" data-shadow-click=\"none\" data-shadow=\"\" data-shd-shadow=\"\"  data-ultimate-target='#ubtn-2142'  data-responsive-json-new='{\"font-size\":\"desktop:15px;\",\"line-height\":\"desktop:15px;\"}'  style=\"font-weight:bold;border:none;background: #275667;color: #ffffff;\"><span class=\"ubtn-hover\" style=\"background-color:\"><\/span><span class=\"ubtn-data ubtn-text \" >Lic. Daniel G\u00f3mez Romo y Lic. Patricia Hern\u00e1ndez<\/span><\/button><\/div>[\/vc_column_inner][\/vc_row_inner][vc_row_inner content_placement=&#8221;bottom&#8221;][vc_column_inner width=&#8221;1\/2&#8243;][vc_column_text 0=&#8221;&#8221;]<\/p>\n<h3 style=\"text-align: center;\"><span style=\"color: #275667;\">Director Administrativo<\/span><\/h3>\n<p>[\/vc_column_text]<div class=\" ubtn-ctn-center aligncenter\"><button type=\"button\" id=\"ubtn-8545\" class=\"ubtn ult-adjust-bottom-margin ult-responsive ubtn-large ubtn-no-hover-bg  none  ubtn-center aligncenter  tooltip-69e4c81d7ca34\"  data-hover=\"\" data-border-color=\"\" data-bg=\"#178486\" data-hover-bg=\"\" data-border-hover=\"\" data-shadow-hover=\"\" data-shadow-click=\"none\" data-shadow=\"\" data-shd-shadow=\"\"  data-ultimate-target='#ubtn-8545'  data-responsive-json-new='{\"font-size\":\"desktop:15px;\",\"line-height\":\"desktop:15px;\"}'  style=\"font-weight:bold;border:none;background: #178486;color: #ffffff;\"><span class=\"ubtn-hover\" style=\"background-color:\"><\/span><span class=\"ubtn-data ubtn-text \" >Lic. Sandra Bel\u00e9n Fuentes Hern\u00e1ndez<\/span><\/button><\/div>[\/vc_column_inner][vc_column_inner width=&#8221;1\/2&#8243;]<div class=\" ubtn-ctn-center aligncenter\"><button type=\"button\" id=\"ubtn-2907\" class=\"ubtn ult-adjust-bottom-margin ult-responsive ubtn-large ubtn-no-hover-bg  none  ubtn-center aligncenter  tooltip-69e4c81d7ca57\"  data-hover=\"\" data-border-color=\"\" data-bg=\"#178486\" data-hover-bg=\"\" data-border-hover=\"\" data-shadow-hover=\"\" data-shadow-click=\"none\" data-shadow=\"\" data-shd-shadow=\"\"  data-ultimate-target='#ubtn-2907'  data-responsive-json-new='{\"font-size\":\"desktop:15px;\",\"line-height\":\"desktop:15px;\"}'  style=\"font-weight:bold;border:none;background: #178486;color: #ffffff;\"><span class=\"ubtn-hover\" style=\"background-color:\"><\/span><span class=\"ubtn-data ubtn-text \" >50 Agentes de ventas<\/span><\/button><\/div>[\/vc_column_inner][\/vc_row_inner][vc_row_inner][vc_column_inner width=&#8221;1\/3&#8243;][vc_column_text 0=&#8221;&#8221;]<\/p>\n<h3 style=\"text-align: center;\"><span style=\"color: #275667;\">Personal Operativo<\/span><\/h3>\n<h4 style=\"text-align: center;\"><span style=\"color: #275667;\">(Gastos M\u00e9dicos)<br \/>\n<\/span><\/h4>\n<p>[\/vc_column_text]<div class=\" ubtn-ctn-center aligncenter\"><button type=\"button\" id=\"ubtn-4054\" class=\"ubtn ult-adjust-bottom-margin ult-responsive ubtn-normal ubtn-no-hover-bg  none  ubtn-center aligncenter  tooltip-69e4c81d7ca74\"  data-hover=\"\" data-border-color=\"\" data-bg=\"#275667\" data-hover-bg=\"\" data-border-hover=\"\" data-shadow-hover=\"\" data-shadow-click=\"none\" data-shadow=\"\" data-shd-shadow=\"\"  data-ultimate-target='#ubtn-4054'  data-responsive-json-new='{\"font-size\":\"desktop:15px;\",\"line-height\":\"desktop:15px;\"}'  style=\"font-weight:bold;border:none;background: #275667;color: #ffffff;\"><span class=\"ubtn-hover\" style=\"background-color:\"><\/span><span class=\"ubtn-data ubtn-text \" >Priscila Fuentes Hern\u00e1ndez<\/span><\/button><\/div><div class=\" ubtn-ctn-center aligncenter\"><button type=\"button\" id=\"ubtn-4586\" class=\"ubtn ult-adjust-bottom-margin ult-responsive ubtn-normal ubtn-no-hover-bg  none  ubtn-center aligncenter  tooltip-69e4c81d7ca8e\"  data-hover=\"\" data-border-color=\"\" data-bg=\"#275667\" data-hover-bg=\"\" data-border-hover=\"\" data-shadow-hover=\"\" data-shadow-click=\"none\" data-shadow=\"\" data-shd-shadow=\"\"  data-ultimate-target='#ubtn-4586'  data-responsive-json-new='{\"font-size\":\"desktop:15px;\",\"line-height\":\"desktop:15px;\"}'  style=\"font-weight:bold;border:none;background: #275667;color: #ffffff;\"><span class=\"ubtn-hover\" style=\"background-color:\"><\/span><span class=\"ubtn-data ubtn-text \" >Thania Pi\u00f1a Higuera<\/span><\/button><\/div>[\/vc_column_inner][vc_column_inner width=&#8221;1\/3&#8243;][vc_column_text 0=&#8221;&#8221;]<\/p>\n<h3 style=\"text-align: center;\"><span style=\"color: #275667;\">Personal Operativo<\/span><\/h3>\n<h4 style=\"text-align: center;\"><span style=\"color: #275667;\">(Autos, Da\u00f1os, Vida y otros ramos)<br \/>\n<\/span><\/h4>\n<p>[\/vc_column_text]<div class=\" ubtn-ctn-center aligncenter\"><button type=\"button\" id=\"ubtn-9691\" class=\"ubtn ult-adjust-bottom-margin ult-responsive ubtn-normal ubtn-no-hover-bg  none  ubtn-center aligncenter  tooltip-69e4c81d7caac\"  data-hover=\"\" data-border-color=\"\" data-bg=\"#275667\" data-hover-bg=\"\" data-border-hover=\"\" data-shadow-hover=\"\" data-shadow-click=\"none\" data-shadow=\"\" data-shd-shadow=\"\"  data-ultimate-target='#ubtn-9691'  data-responsive-json-new='{\"font-size\":\"desktop:15px;\",\"line-height\":\"desktop:15px;\"}'  style=\"font-weight:bold;border:none;background: #275667;color: #ffffff;\"><span class=\"ubtn-hover\" style=\"background-color:\"><\/span><span class=\"ubtn-data ubtn-text \" >Ilse Anah\u00ed D\u00edaz Rodr\u00edguez<\/span><\/button><\/div><div class=\" ubtn-ctn-center aligncenter\"><button type=\"button\" id=\"ubtn-1705\" class=\"ubtn ult-adjust-bottom-margin ult-responsive ubtn-normal ubtn-no-hover-bg  none  ubtn-center aligncenter  tooltip-69e4c81d7cac5\"  data-hover=\"\" data-border-color=\"\" data-bg=\"#275667\" data-hover-bg=\"\" data-border-hover=\"\" data-shadow-hover=\"\" data-shadow-click=\"none\" data-shadow=\"\" data-shd-shadow=\"\"  data-ultimate-target='#ubtn-1705'  data-responsive-json-new='{\"font-size\":\"desktop:15px;\",\"line-height\":\"desktop:15px;\"}'  style=\"font-weight:bold;border:none;background: #275667;color: #ffffff;\"><span class=\"ubtn-hover\" style=\"background-color:\"><\/span><span class=\"ubtn-data ubtn-text \" > Karen G\u00f3mez Cardona<\/span><\/button><\/div><div class=\" ubtn-ctn-center aligncenter\"><button type=\"button\" id=\"ubtn-9468\" class=\"ubtn ult-adjust-bottom-margin ult-responsive ubtn-normal ubtn-no-hover-bg  none  ubtn-center aligncenter  tooltip-69e4c81d7cadd\"  data-hover=\"\" data-border-color=\"\" data-bg=\"#275667\" data-hover-bg=\"\" data-border-hover=\"\" data-shadow-hover=\"\" data-shadow-click=\"none\" data-shadow=\"\" data-shd-shadow=\"\"  data-ultimate-target='#ubtn-9468'  data-responsive-json-new='{\"font-size\":\"desktop:15px;\",\"line-height\":\"desktop:15px;\"}'  style=\"font-weight:bold;border:none;background: #275667;color: #ffffff;\"><span class=\"ubtn-hover\" style=\"background-color:\"><\/span><span class=\"ubtn-data ubtn-text \" > Cynthia Judith Olivares<\/span><\/button><\/div>[\/vc_column_inner][vc_column_inner width=&#8221;1\/3&#8243;][vc_column_text 0=&#8221;&#8221;]<\/p>\n<h3 style=\"text-align: center;\"><span style=\"color: #275667;\">Mensajer\u00eda<\/span><\/h3>\n<p>[\/vc_column_text]<div class=\" ubtn-ctn-center aligncenter\"><button type=\"button\" id=\"ubtn-9477\" class=\"ubtn ult-adjust-bottom-margin ult-responsive ubtn-normal ubtn-no-hover-bg  none  ubtn-center aligncenter  tooltip-69e4c81d7caf4\"  data-hover=\"\" data-border-color=\"\" data-bg=\"#275667\" data-hover-bg=\"\" data-border-hover=\"\" data-shadow-hover=\"\" data-shadow-click=\"none\" data-shadow=\"\" data-shd-shadow=\"\"  data-ultimate-target='#ubtn-9477'  data-responsive-json-new='{\"font-size\":\"desktop:15px;\",\"line-height\":\"desktop:15px;\"}'  style=\"font-weight:bold;border:none;background: #275667;color: #ffffff;\"><span class=\"ubtn-hover\" style=\"background-color:\"><\/span><span class=\"ubtn-data ubtn-text \" >Daniel G\u00f3mez Cardona<\/span><\/button><\/div>[\/vc_column_inner][\/vc_row_inner][\/vc_column][\/vc_row][vc_row css_animation=&#8221;appear&#8221;][vc_column][vc_column_text 0=&#8221;&#8221;]<\/p>\n<h4 style=\"text-align: center;\">Nuestra estructura organizacional es \u00fanica, ya que trabajamos en conjunto con profesionales para realizar las ventas de seguros.<\/h4>\n<p>[\/vc_column_text][\/vc_column][\/vc_row][vc_row css_animation=&#8221;appear&#8221;][vc_column 0=&#8221;&#8221;][vc_empty_space 0=&#8221;&#8221;][vc_column_text 0=&#8221;&#8221;]<\/p>\n<h3 style=\"text-align: center;\">ACEPTAMOS PAGOS CON TARJETA DE CR\u00c9DITO<\/h3>\n<p style=\"text-align: center;\"><img decoding=\"async\" loading=\"lazy\" class=\"aligncenter size-full wp-image-331\" src=\"http:\/\/www.gh-consultores.com\/ghc\/wp-content\/uploads\/2020\/07\/tarjetas-de-credito.png\" alt=\"\" width=\"481\" height=\"102\" srcset=\"http:\/\/www.gh-consultores.com\/ghc\/wp-content\/uploads\/2020\/07\/tarjetas-de-credito.png 481w, http:\/\/www.gh-consultores.com\/ghc\/wp-content\/uploads\/2020\/07\/tarjetas-de-credito-300x64.png 300w, http:\/\/www.gh-consultores.com\/ghc\/wp-content\/uploads\/2020\/07\/tarjetas-de-credito-260x55.png 260w, http:\/\/www.gh-consultores.com\/ghc\/wp-content\/uploads\/2020\/07\/tarjetas-de-credito-50x11.png 50w, http:\/\/www.gh-consultores.com\/ghc\/wp-content\/uploads\/2020\/07\/tarjetas-de-credito-150x32.png 150w\" sizes=\"(max-width: 481px) 100vw, 481px\" \/><\/p>\n<p>[\/vc_column_text][\/vc_column][\/vc_row]<\/p>\n","protected":false},"excerpt":{"rendered":"<p>[vc_row css_animation=&#8221;fadeIn&#8221;][vc_column][vc_column_text 0=&#8221;&#8221;] DIRECCI\u00d3N GENERAL [\/vc_column_text][vc_row_inner][vc_column_inner][\/vc_column_inner][\/vc_row_inner][vc_row_inner content_placement=&#8221;bottom&#8221;][vc_column_inner width=&#8221;1\/2&#8243;][vc_column_text 0=&#8221;&#8221;] Director Administrativo [\/vc_column_text][\/vc_column_inner][vc_column_inner width=&#8221;1\/2&#8243;][\/vc_column_inner][\/vc_row_inner][vc_row_inner][vc_column_inner width=&#8221;1\/3&#8243;][vc_column_text 0=&#8221;&#8221;] Personal Operativo (Gastos M\u00e9dicos) [\/vc_column_text][\/vc_column_inner][vc_column_inner width=&#8221;1\/3&#8243;][vc_column_text 0=&#8221;&#8221;] Personal Operativo (Autos, Da\u00f1os,<span class=\"excerpt-hellip\"> [\u2026]<\/span><\/p>\n","protected":false},"author":1,"featured_media":0,"parent":0,"menu_order":0,"comment_status":"open","ping_status":"open","template":"","meta":[],"_links":{"self":[{"href":"http:\/\/www.gh-consultores.com\/ghc\/wp-json\/wp\/v2\/pages\/7"}],"collection":[{"href":"http:\/\/www.gh-consultores.com\/ghc\/wp-json\/wp\/v2\/pages"}],"about":[{"href":"http:\/\/www.gh-consultores.com\/ghc\/wp-json\/wp\/v2\/types\/page"}],"author":[{"embeddable":true,"href":"http:\/\/www.gh-consultores.com\/ghc\/wp-json\/wp\/v2\/users\/1"}],"replies":[{"embeddable":true,"href":"http:\/\/www.gh-consultores.com\/ghc\/wp-json\/wp\/v2\/comments?post=7"}],"version-history":[{"count":34,"href":"http:\/\/www.gh-consultores.com\/ghc\/wp-json\/wp\/v2\/pages\/7\/revisions"}],"predecessor-version":[{"id":332,"href":"http:\/\/www.gh-consultores.com\/ghc\/wp-json\/wp\/v2\/pages\/7\/revisions\/332"}],"wp:attachment":[{"href":"http:\/\/www.gh-consultores.com\/ghc\/wp-json\/wp\/v2\/media?parent=7"}],"curies":[{"name":"wp","href":"https:\/\/api.w.org\/{rel}","templated":true}]}}